{"id":45,"date":"2020-12-20T09:21:56","date_gmt":"2020-12-20T08:21:56","guid":{"rendered":"https:\/\/www.geoserver.hu\/sysadm\/?page_id=45"},"modified":"2021-12-29T02:38:57","modified_gmt":"2021-12-29T01:38:57","slug":"kezdolap","status":"publish","type":"page","link":"https:\/\/www.geoserver.hu\/sysadm\/","title":{"rendered":"Kezd\u0151lap"},"content":{"rendered":"<div class=\"wp-block-visual-portfolio\">\n<div class=\"vp-portfolio vp-uid-35076b5d vp-id-ZHDIvD\"\n\tdata-vp-layout=\"tiles\" data-vp-content-source=\"post-based\" data-vp-items-style=\"emerge\" data-vp-items-click-action=\"url\" data-vp-items-gap=\"15\" data-vp-items-gap-vertical=\"\" data-vp-pagination=\"load-more\" data-vp-next-page-url=\"\" data-vp-tiles-type=\"4|1,1|\" >\n\t<div class=\"vp-portfolio__preloader-wrap\">\n\t\t<div class=\"vp-portfolio__preloader\">\n\t\t\t<img decoding=\"async\" loading=\"eager\" src=\"https:\/\/www.geoserver.hu\/sysadm\/wp-content\/plugins\/visual-portfolio\/assets\/images\/logo-dark.svg\" alt=\"Visual Portfolio, Posts &amp; Image Gallery for WordPress\" width=\"20\" height=\"20\" data-skip-lazy>\n\t\t<\/div>\n\t<\/div>\n\t\t<div class=\"vp-portfolio__items-wrap\">\n\t\t\t\n<div class=\"vp-portfolio__items vp-portfolio__items-style-emerge vp-portfolio__items-show-overlay-hover vp-portfolio__items-show-caption-hover\">\n\n\t\t<article\t\tclass=\"vp-portfolio__item-wrap post-13 post type-post status-publish format-standard hentry category-smarthome-hu tag-homeassistant-hu vp-portfolio__item-uid-9b91ac19\" data-vp-filter=\"smarthome-hu\" \t\t>\n\t\t\t\t\t\t\t\t\t<figure class=\"vp-portfolio__item\">\n\t\t\t\t\n<div class=\"vp-portfolio__item-img-wrap\">\n\t<div class=\"vp-portfolio__item-img\">\n\t\t\t<a\n\t\thref=\"https:\/\/www.geoserver.hu\/sysadm\/smarthome-hu\/bejegyzes2\/\"\n\t\t\t>\n\t\n\t\t<noscript><img loading=\"lazy\" decoding=\"async\" width=\"384\" height=\"333\" data-skip-lazy src=\"https:\/\/www.geoserver.hu\/sysadm\/wp-content\/uploads\/sites\/5\/2021\/05\/Solaris-Logo_384x333px.png\" class=\"wp-image-156\" alt=\"\" srcset=\"https:\/\/www.geoserver.hu\/sysadm\/wp-content\/uploads\/sites\/5\/2021\/05\/Solaris-Logo_384x333px.png 384w, https:\/\/www.geoserver.hu\/sysadm\/wp-content\/uploads\/sites\/5\/2021\/05\/Solaris-Logo_384x333px-300x260.png 300w\" sizes=\"(max-width: 384px) 100vw, 384px\" \/><\/noscript><img fetchpriority=\"high\" decoding=\"async\" width=\"384\" height=\"333\" src=\"https:\/\/www.geoserver.hu\/sysadm\/wp-content\/uploads\/sites\/5\/2021\/05\/Solaris-Logo_384x333px.png\" class=\"wp-image-156 vp-lazyload\" alt srcset=\"data:image\/svg+xml;base64,PHN2ZyB3aWR0aD0iMzg0IiBoZWlnaHQ9IjMzMyIgdmlld0JveD0iMCAwIDM4NCAzMzMiIGZpbGw9Im5vbmUiIHhtbG5zPSJodHRwOi8vd3d3LnczLm9yZy8yMDAwL3N2ZyI+PC9zdmc+\" data-src=\"https:\/\/www.geoserver.hu\/sysadm\/wp-content\/uploads\/sites\/5\/2021\/05\/Solaris-Logo_384x333px.png\" data-srcset=\"https:\/\/www.geoserver.hu\/sysadm\/wp-content\/uploads\/sites\/5\/2021\/05\/Solaris-Logo_384x333px.png 384w, https:\/\/www.geoserver.hu\/sysadm\/wp-content\/uploads\/sites\/5\/2021\/05\/Solaris-Logo_384x333px-300x260.png 300w\" data-sizes=\"auto\" loading=\"eager\">\n\t\t<div class=\"vp-portfolio__item-overlay\"><\/div>\n\n\t\t<\/a>\t<\/div>\n<\/div>\n\n\t<figcaption class=\"vp-portfolio__item-caption vp-portfolio__item-caption-text-align-center\">\n\t\t<div class=\"vp-portfolio__item-meta-wrap vp-portfolio__custom-scrollbar\">\n\t\t\t<div class=\"vp-portfolio__item-meta\">\n\t\t\t\t\n<div class=\"vp-portfolio__item-meta-categories\">\n\t\t\t<div class=\"vp-portfolio__item-meta-category\">\n\t\t\t\t<a\n\t\thref=\"https:\/\/www.geoserver.hu\/sysadm\/wp-json\/wp\/v2\/pages\/45?vp_filter=category%3Asmarthome-hu\"\n\t\t\t>\n\tOkos Otthon<\/a>\t\t<\/div>\n\t\t<\/div>\n\n<h2 class=\"vp-portfolio__item-meta-title\">\n\t\t<a\n\t\thref=\"https:\/\/www.geoserver.hu\/sysadm\/smarthome-hu\/bejegyzes2\/\"\n\t\t\t>\n\tR\u00e1di\u00f3s \u00e9breszt\u0151\u00f3ra bark\u00e1csol\u00e1sa<\/a><\/h2>\n\t\t\t<\/div>\n\t\t<\/div>\n\t<\/figcaption>\n\t\t\t<\/figure>\n\t\t\t\t\t<\/article>\n\t\t\n\t\t<article\t\tclass=\"vp-portfolio__item-wrap post-149 post type-post status-publish format-standard post-password-required hentry category-uncategorized vp-portfolio__item-uid-a6b6c82e\" data-vp-filter=\"uncategorized\" \t\t>\n\t\t\t\t\t\t\t\t\t<figure class=\"vp-portfolio__item\">\n\t\t\t\t\n<div class=\"vp-portfolio__item-img-wrap\">\n\t<div class=\"vp-portfolio__item-img\">\n\t\t\t<a\n\t\thref=\"https:\/\/www.geoserver.hu\/sysadm\/en\/uncategorized\/post3\/\"\n\t\t\t>\n\t\n\t\t<noscript><img loading=\"lazy\" decoding=\"async\" width=\"384\" height=\"333\" data-skip-lazy src=\"https:\/\/www.geoserver.hu\/sysadm\/wp-content\/uploads\/sites\/5\/2021\/05\/Solaris-Logo_384x333px.png\" class=\"wp-image-156\" alt=\"\" srcset=\"https:\/\/www.geoserver.hu\/sysadm\/wp-content\/uploads\/sites\/5\/2021\/05\/Solaris-Logo_384x333px.png 384w, https:\/\/www.geoserver.hu\/sysadm\/wp-content\/uploads\/sites\/5\/2021\/05\/Solaris-Logo_384x333px-300x260.png 300w\" sizes=\"(max-width: 384px) 100vw, 384px\" \/><\/noscript><img fetchpriority=\"high\" decoding=\"async\" width=\"384\" height=\"333\" src=\"https:\/\/www.geoserver.hu\/sysadm\/wp-content\/uploads\/sites\/5\/2021\/05\/Solaris-Logo_384x333px.png\" class=\"wp-image-156 vp-lazyload\" alt srcset=\"data:image\/svg+xml;base64,PHN2ZyB3aWR0aD0iMzg0IiBoZWlnaHQ9IjMzMyIgdmlld0JveD0iMCAwIDM4NCAzMzMiIGZpbGw9Im5vbmUiIHhtbG5zPSJodHRwOi8vd3d3LnczLm9yZy8yMDAwL3N2ZyI+PC9zdmc+\" data-src=\"https:\/\/www.geoserver.hu\/sysadm\/wp-content\/uploads\/sites\/5\/2021\/05\/Solaris-Logo_384x333px.png\" data-srcset=\"https:\/\/www.geoserver.hu\/sysadm\/wp-content\/uploads\/sites\/5\/2021\/05\/Solaris-Logo_384x333px.png 384w, https:\/\/www.geoserver.hu\/sysadm\/wp-content\/uploads\/sites\/5\/2021\/05\/Solaris-Logo_384x333px-300x260.png 300w\" data-sizes=\"auto\" loading=\"eager\">\n\t\t<div class=\"vp-portfolio__item-overlay\"><\/div>\n\n\t\t<\/a>\t<\/div>\n<\/div>\n\n\t<figcaption class=\"vp-portfolio__item-caption vp-portfolio__item-caption-text-align-center\">\n\t\t<div class=\"vp-portfolio__item-meta-wrap vp-portfolio__custom-scrollbar\">\n\t\t\t<div class=\"vp-portfolio__item-meta\">\n\t\t\t\t\n<div class=\"vp-portfolio__item-meta-categories\">\n\t\t\t<div class=\"vp-portfolio__item-meta-category\">\n\t\t\t\t<a\n\t\thref=\"https:\/\/www.geoserver.hu\/sysadm\/wp-json\/wp\/v2\/pages\/45?vp_filter=category%3Auncategorized\"\n\t\t\t>\n\tUncategorized<\/a>\t\t<\/div>\n\t\t<\/div>\n\n<h2 class=\"vp-portfolio__item-meta-title\">\n\t\t<a\n\t\thref=\"https:\/\/www.geoserver.hu\/sysadm\/en\/uncategorized\/post3\/\"\n\t\t\t>\n\tProtected: post3<\/a><\/h2>\n\t\t\t<\/div>\n\t\t<\/div>\n\t<\/figcaption>\n\t\t\t<\/figure>\n\t\t\t\t\t<\/article>\n\t\t\n\t\t<article\t\tclass=\"vp-portfolio__item-wrap post-15 post type-post status-publish format-standard post-password-required hentry category-uncategorized vp-portfolio__item-uid-72f2092c\" data-vp-filter=\"uncategorized\" \t\t>\n\t\t\t\t\t\t\t\t\t<figure class=\"vp-portfolio__item\">\n\t\t\t\t\n<div class=\"vp-portfolio__item-img-wrap\">\n\t<div class=\"vp-portfolio__item-img\">\n\t\t\t<a\n\t\thref=\"https:\/\/www.geoserver.hu\/sysadm\/en\/uncategorized\/post2\/\"\n\t\t\t>\n\t\n\t\t<noscript><img loading=\"lazy\" decoding=\"async\" width=\"384\" height=\"333\" data-skip-lazy src=\"https:\/\/www.geoserver.hu\/sysadm\/wp-content\/uploads\/sites\/5\/2021\/05\/Solaris-Logo_384x333px.png\" class=\"wp-image-156\" alt=\"\" srcset=\"https:\/\/www.geoserver.hu\/sysadm\/wp-content\/uploads\/sites\/5\/2021\/05\/Solaris-Logo_384x333px.png 384w, https:\/\/www.geoserver.hu\/sysadm\/wp-content\/uploads\/sites\/5\/2021\/05\/Solaris-Logo_384x333px-300x260.png 300w\" sizes=\"(max-width: 384px) 100vw, 384px\" \/><\/noscript><img fetchpriority=\"high\" decoding=\"async\" width=\"384\" height=\"333\" src=\"https:\/\/www.geoserver.hu\/sysadm\/wp-content\/uploads\/sites\/5\/2021\/05\/Solaris-Logo_384x333px.png\" class=\"wp-image-156 vp-lazyload\" alt srcset=\"data:image\/svg+xml;base64,PHN2ZyB3aWR0aD0iMzg0IiBoZWlnaHQ9IjMzMyIgdmlld0JveD0iMCAwIDM4NCAzMzMiIGZpbGw9Im5vbmUiIHhtbG5zPSJodHRwOi8vd3d3LnczLm9yZy8yMDAwL3N2ZyI+PC9zdmc+\" data-src=\"https:\/\/www.geoserver.hu\/sysadm\/wp-content\/uploads\/sites\/5\/2021\/05\/Solaris-Logo_384x333px.png\" data-srcset=\"https:\/\/www.geoserver.hu\/sysadm\/wp-content\/uploads\/sites\/5\/2021\/05\/Solaris-Logo_384x333px.png 384w, https:\/\/www.geoserver.hu\/sysadm\/wp-content\/uploads\/sites\/5\/2021\/05\/Solaris-Logo_384x333px-300x260.png 300w\" data-sizes=\"auto\" loading=\"eager\">\n\t\t<div class=\"vp-portfolio__item-overlay\"><\/div>\n\n\t\t<\/a>\t<\/div>\n<\/div>\n\n\t<figcaption class=\"vp-portfolio__item-caption vp-portfolio__item-caption-text-align-center\">\n\t\t<div class=\"vp-portfolio__item-meta-wrap vp-portfolio__custom-scrollbar\">\n\t\t\t<div class=\"vp-portfolio__item-meta\">\n\t\t\t\t\n<div class=\"vp-portfolio__item-meta-categories\">\n\t\t\t<div class=\"vp-portfolio__item-meta-category\">\n\t\t\t\t<a\n\t\thref=\"https:\/\/www.geoserver.hu\/sysadm\/wp-json\/wp\/v2\/pages\/45?vp_filter=category%3Auncategorized\"\n\t\t\t>\n\tUncategorized<\/a>\t\t<\/div>\n\t\t<\/div>\n\n<h2 class=\"vp-portfolio__item-meta-title\">\n\t\t<a\n\t\thref=\"https:\/\/www.geoserver.hu\/sysadm\/en\/uncategorized\/post2\/\"\n\t\t\t>\n\tProtected: post2<\/a><\/h2>\n\t\t\t<\/div>\n\t\t<\/div>\n\t<\/figcaption>\n\t\t\t<\/figure>\n\t\t\t\t\t<\/article>\n\t\t\n\t\t<article\t\tclass=\"vp-portfolio__item-wrap post-11 post type-post status-publish format-standard post-password-required hentry category-uncategorized vp-portfolio__item-uid-759fcd35\" data-vp-filter=\"uncategorized\" \t\t>\n\t\t\t\t\t\t\t\t\t<figure class=\"vp-portfolio__item\">\n\t\t\t\t\n<div class=\"vp-portfolio__item-img-wrap\">\n\t<div class=\"vp-portfolio__item-img\">\n\t\t\t<a\n\t\thref=\"https:\/\/www.geoserver.hu\/sysadm\/en\/uncategorized\/post1\/\"\n\t\t\t>\n\t\n\t\t<noscript><img loading=\"lazy\" decoding=\"async\" width=\"384\" height=\"333\" data-skip-lazy src=\"https:\/\/www.geoserver.hu\/sysadm\/wp-content\/uploads\/sites\/5\/2021\/05\/Solaris-Logo_384x333px.png\" class=\"wp-image-156\" alt=\"\" srcset=\"https:\/\/www.geoserver.hu\/sysadm\/wp-content\/uploads\/sites\/5\/2021\/05\/Solaris-Logo_384x333px.png 384w, https:\/\/www.geoserver.hu\/sysadm\/wp-content\/uploads\/sites\/5\/2021\/05\/Solaris-Logo_384x333px-300x260.png 300w\" sizes=\"(max-width: 384px) 100vw, 384px\" \/><\/noscript><img fetchpriority=\"high\" decoding=\"async\" width=\"384\" height=\"333\" src=\"https:\/\/www.geoserver.hu\/sysadm\/wp-content\/uploads\/sites\/5\/2021\/05\/Solaris-Logo_384x333px.png\" class=\"wp-image-156 vp-lazyload\" alt srcset=\"data:image\/svg+xml;base64,PHN2ZyB3aWR0aD0iMzg0IiBoZWlnaHQ9IjMzMyIgdmlld0JveD0iMCAwIDM4NCAzMzMiIGZpbGw9Im5vbmUiIHhtbG5zPSJodHRwOi8vd3d3LnczLm9yZy8yMDAwL3N2ZyI+PC9zdmc+\" data-src=\"https:\/\/www.geoserver.hu\/sysadm\/wp-content\/uploads\/sites\/5\/2021\/05\/Solaris-Logo_384x333px.png\" data-srcset=\"https:\/\/www.geoserver.hu\/sysadm\/wp-content\/uploads\/sites\/5\/2021\/05\/Solaris-Logo_384x333px.png 384w, https:\/\/www.geoserver.hu\/sysadm\/wp-content\/uploads\/sites\/5\/2021\/05\/Solaris-Logo_384x333px-300x260.png 300w\" data-sizes=\"auto\" loading=\"eager\">\n\t\t<div class=\"vp-portfolio__item-overlay\"><\/div>\n\n\t\t<\/a>\t<\/div>\n<\/div>\n\n\t<figcaption class=\"vp-portfolio__item-caption vp-portfolio__item-caption-text-align-center\">\n\t\t<div class=\"vp-portfolio__item-meta-wrap vp-portfolio__custom-scrollbar\">\n\t\t\t<div class=\"vp-portfolio__item-meta\">\n\t\t\t\t\n<div class=\"vp-portfolio__item-meta-categories\">\n\t\t\t<div class=\"vp-portfolio__item-meta-category\">\n\t\t\t\t<a\n\t\thref=\"https:\/\/www.geoserver.hu\/sysadm\/wp-json\/wp\/v2\/pages\/45?vp_filter=category%3Auncategorized\"\n\t\t\t>\n\tUncategorized<\/a>\t\t<\/div>\n\t\t<\/div>\n\n<h2 class=\"vp-portfolio__item-meta-title\">\n\t\t<a\n\t\thref=\"https:\/\/www.geoserver.hu\/sysadm\/en\/uncategorized\/post1\/\"\n\t\t\t>\n\tProtected: post1<\/a><\/h2>\n\t\t\t<\/div>\n\t\t<\/div>\n\t<\/figcaption>\n\t\t\t<\/figure>\n\t\t\t\t\t<\/article>\n\t\t\n\t\t<article\t\tclass=\"vp-portfolio__item-wrap post-9 post type-post status-publish format-standard post-password-required hentry category-software-hu tag-gimp-hu vp-portfolio__item-uid-f4df51e7\" data-vp-filter=\"software-hu\" \t\t>\n\t\t\t\t\t\t\t\t\t<figure class=\"vp-portfolio__item\">\n\t\t\t\t\n<div class=\"vp-portfolio__item-img-wrap\">\n\t<div class=\"vp-portfolio__item-img\">\n\t\t\t<a\n\t\thref=\"https:\/\/www.geoserver.hu\/sysadm\/software-hu\/bejegyzes1\/\"\n\t\t\t>\n\t\n\t\t<noscript><img loading=\"lazy\" decoding=\"async\" width=\"384\" height=\"333\" data-skip-lazy src=\"https:\/\/www.geoserver.hu\/sysadm\/wp-content\/uploads\/sites\/5\/2021\/05\/Solaris-Logo_384x333px.png\" class=\"wp-image-156\" alt=\"\" srcset=\"https:\/\/www.geoserver.hu\/sysadm\/wp-content\/uploads\/sites\/5\/2021\/05\/Solaris-Logo_384x333px.png 384w, https:\/\/www.geoserver.hu\/sysadm\/wp-content\/uploads\/sites\/5\/2021\/05\/Solaris-Logo_384x333px-300x260.png 300w\" sizes=\"(max-width: 384px) 100vw, 384px\" \/><\/noscript><img fetchpriority=\"high\" decoding=\"async\" width=\"384\" height=\"333\" src=\"https:\/\/www.geoserver.hu\/sysadm\/wp-content\/uploads\/sites\/5\/2021\/05\/Solaris-Logo_384x333px.png\" class=\"wp-image-156 vp-lazyload\" alt srcset=\"data:image\/svg+xml;base64,PHN2ZyB3aWR0aD0iMzg0IiBoZWlnaHQ9IjMzMyIgdmlld0JveD0iMCAwIDM4NCAzMzMiIGZpbGw9Im5vbmUiIHhtbG5zPSJodHRwOi8vd3d3LnczLm9yZy8yMDAwL3N2ZyI+PC9zdmc+\" data-src=\"https:\/\/www.geoserver.hu\/sysadm\/wp-content\/uploads\/sites\/5\/2021\/05\/Solaris-Logo_384x333px.png\" data-srcset=\"https:\/\/www.geoserver.hu\/sysadm\/wp-content\/uploads\/sites\/5\/2021\/05\/Solaris-Logo_384x333px.png 384w, https:\/\/www.geoserver.hu\/sysadm\/wp-content\/uploads\/sites\/5\/2021\/05\/Solaris-Logo_384x333px-300x260.png 300w\" data-sizes=\"auto\" loading=\"eager\">\n\t\t<div class=\"vp-portfolio__item-overlay\"><\/div>\n\n\t\t<\/a>\t<\/div>\n<\/div>\n\n\t<figcaption class=\"vp-portfolio__item-caption vp-portfolio__item-caption-text-align-center\">\n\t\t<div class=\"vp-portfolio__item-meta-wrap vp-portfolio__custom-scrollbar\">\n\t\t\t<div class=\"vp-portfolio__item-meta\">\n\t\t\t\t\n<div class=\"vp-portfolio__item-meta-categories\">\n\t\t\t<div class=\"vp-portfolio__item-meta-category\">\n\t\t\t\t<a\n\t\thref=\"https:\/\/www.geoserver.hu\/sysadm\/wp-json\/wp\/v2\/pages\/45?vp_filter=category%3Asoftware-hu\"\n\t\t\t>\n\tSzoftver<\/a>\t\t<\/div>\n\t\t<\/div>\n\n<h2 class=\"vp-portfolio__item-meta-title\">\n\t\t<a\n\t\thref=\"https:\/\/www.geoserver.hu\/sysadm\/software-hu\/bejegyzes1\/\"\n\t\t\t>\n\tProtected: K\u00f6r alak\u00fa k\u00e9pek kerettel<\/a><\/h2>\n\t\t\t<\/div>\n\t\t<\/div>\n\t<\/figcaption>\n\t\t\t<\/figure>\n\t\t\t\t\t<\/article>\n\t\t\n\t\t<article\t\tclass=\"vp-portfolio__item-wrap post-145 post type-post status-publish format-standard post-password-required hentry category-uncategorized-hu vp-portfolio__item-uid-af008405\" data-vp-filter=\"uncategorized-hu\" \t\t>\n\t\t\t\t\t\t\t\t\t<figure class=\"vp-portfolio__item\">\n\t\t\t\t\n<div class=\"vp-portfolio__item-img-wrap\">\n\t<div class=\"vp-portfolio__item-img\">\n\t\t\t<a\n\t\thref=\"https:\/\/www.geoserver.hu\/sysadm\/uncategorized-hu\/bejegyzes3\/\"\n\t\t\t>\n\t\n\t\t<noscript><img loading=\"lazy\" decoding=\"async\" width=\"384\" height=\"333\" data-skip-lazy src=\"https:\/\/www.geoserver.hu\/sysadm\/wp-content\/uploads\/sites\/5\/2021\/05\/Solaris-Logo_384x333px.png\" class=\"wp-image-156\" alt=\"\" srcset=\"https:\/\/www.geoserver.hu\/sysadm\/wp-content\/uploads\/sites\/5\/2021\/05\/Solaris-Logo_384x333px.png 384w, https:\/\/www.geoserver.hu\/sysadm\/wp-content\/uploads\/sites\/5\/2021\/05\/Solaris-Logo_384x333px-300x260.png 300w\" sizes=\"(max-width: 384px) 100vw, 384px\" \/><\/noscript><img fetchpriority=\"high\" decoding=\"async\" width=\"384\" height=\"333\" src=\"https:\/\/www.geoserver.hu\/sysadm\/wp-content\/uploads\/sites\/5\/2021\/05\/Solaris-Logo_384x333px.png\" class=\"wp-image-156 vp-lazyload\" alt srcset=\"data:image\/svg+xml;base64,PHN2ZyB3aWR0aD0iMzg0IiBoZWlnaHQ9IjMzMyIgdmlld0JveD0iMCAwIDM4NCAzMzMiIGZpbGw9Im5vbmUiIHhtbG5zPSJodHRwOi8vd3d3LnczLm9yZy8yMDAwL3N2ZyI+PC9zdmc+\" data-src=\"https:\/\/www.geoserver.hu\/sysadm\/wp-content\/uploads\/sites\/5\/2021\/05\/Solaris-Logo_384x333px.png\" data-srcset=\"https:\/\/www.geoserver.hu\/sysadm\/wp-content\/uploads\/sites\/5\/2021\/05\/Solaris-Logo_384x333px.png 384w, https:\/\/www.geoserver.hu\/sysadm\/wp-content\/uploads\/sites\/5\/2021\/05\/Solaris-Logo_384x333px-300x260.png 300w\" data-sizes=\"auto\" loading=\"eager\">\n\t\t<div class=\"vp-portfolio__item-overlay\"><\/div>\n\n\t\t<\/a>\t<\/div>\n<\/div>\n\n\t<figcaption class=\"vp-portfolio__item-caption vp-portfolio__item-caption-text-align-center\">\n\t\t<div class=\"vp-portfolio__item-meta-wrap vp-portfolio__custom-scrollbar\">\n\t\t\t<div class=\"vp-portfolio__item-meta\">\n\t\t\t\t\n<div class=\"vp-portfolio__item-meta-categories\">\n\t\t\t<div class=\"vp-portfolio__item-meta-category\">\n\t\t\t\t<a\n\t\thref=\"https:\/\/www.geoserver.hu\/sysadm\/wp-json\/wp\/v2\/pages\/45?vp_filter=category%3Auncategorized-hu\"\n\t\t\t>\n\tUncategorized<\/a>\t\t<\/div>\n\t\t<\/div>\n\n<h2 class=\"vp-portfolio__item-meta-title\">\n\t\t<a\n\t\thref=\"https:\/\/www.geoserver.hu\/sysadm\/uncategorized-hu\/bejegyzes3\/\"\n\t\t\t>\n\tProtected: bejegyz\u00e9s3<\/a><\/h2>\n\t\t\t<\/div>\n\t\t<\/div>\n\t<\/figcaption>\n\t\t\t<\/figure>\n\t\t\t\t\t<\/article>\n\t\t\n<\/div>\n\t\t<\/div>\n\t\t\t\t<div class=\"vp-portfolio__layout-elements vp-portfolio__layout-elements-bottom vp-portfolio__layout-elements-align-center\">\n\t\t\t\t<div class=\"vp-portfolio__pagination-wrap\">\n\t\t\n<div class=\"vp-pagination vp-pagination__no-more vp-pagination__style-minimal\" data-vp-pagination-type=\"load-more\">\n\t<div class=\"vp-pagination__item\">\n\t\t<a class=\"vp-pagination__load-more\" href=\"\">\n\t\t\t<span>Load More<\/span>\n\t\t\t<span class=\"vp-pagination__load-more-loading\"><span class=\"vp-spinner\"><\/span><span class=\"vp-screen-reader-text\"> Loading More&#8230;<\/span><\/span>\n\t\t\t<span class=\"vp-pagination__load-more-no-more\">You\u2019ve reached the end of the list<\/span>\n\t\t<\/a>\n\t<\/div>\n<\/div>\n\t\t<\/div>\n\t\t\t\t<\/div>\n\t\t\n<\/div>\n<\/div>","protected":false},"excerpt":{"rendered":"","protected":false},"author":1,"featured_media":0,"parent":0,"menu_order":0,"comment_status":"closed","ping_status":"closed","template":"","meta":{"_uag_custom_page_level_css":"","_vp_format_video_url":"","_vp_image_focal_point":[],"footnotes":""},"uagb_featured_image_src":{"full":false,"thumbnail":false,"medium":false,"medium_large":false,"large":false,"1536x1536":false,"2048x2048":false,"vp_sm":false,"vp_md":false,"vp_lg":false,"vp_xl":false,"vp_sm_popup":false,"vp_md_popup":false,"vp_xl_popup":false,"rb-resume-thumbnail":false},"uagb_author_info":{"display_name":"siteadmin","author_link":"https:\/\/www.geoserver.hu\/sysadm\/author\/siteadmin\/"},"uagb_comment_info":0,"uagb_excerpt":null,"_links":{"self":[{"href":"https:\/\/www.geoserver.hu\/sysadm\/wp-json\/wp\/v2\/pages\/45"}],"collection":[{"href":"https:\/\/www.geoserver.hu\/sysadm\/wp-json\/wp\/v2\/pages"}],"about":[{"href":"https:\/\/www.geoserver.hu\/sysadm\/wp-json\/wp\/v2\/types\/page"}],"author":[{"embeddable":true,"href":"https:\/\/www.geoserver.hu\/sysadm\/wp-json\/wp\/v2\/users\/1"}],"replies":[{"embeddable":true,"href":"https:\/\/www.geoserver.hu\/sysadm\/wp-json\/wp\/v2\/comments?post=45"}],"version-history":[{"count":5,"href":"https:\/\/www.geoserver.hu\/sysadm\/wp-json\/wp\/v2\/pages\/45\/revisions"}],"predecessor-version":[{"id":162,"href":"https:\/\/www.geoserver.hu\/sysadm\/wp-json\/wp\/v2\/pages\/45\/revisions\/162"}],"wp:attachment":[{"href":"https:\/\/www.geoserver.hu\/sysadm\/wp-json\/wp\/v2\/media?parent=45"}],"curies":[{"name":"wp","href":"https:\/\/api.w.org\/{rel}","templated":true}]}}